{"id":819606,"date":"2024-01-19T20:16:12","date_gmt":"2024-01-19T20:16:12","guid":{"rendered":"https:\/\/agorarn.com.br\/homolog\/?page_id=819606"},"modified":"2025-02-07T17:28:05","modified_gmt":"2025-02-07T17:28:05","slug":"digital","status":"publish","type":"page","link":"https:\/\/agorarn.com.br\/homolog\/digital\/","title":{"rendered":"Digital"},"content":{"rendered":"\n<p>No meio digital o portal Agora\/RN recebe mais de 5,0 Milh\u00f5es de pageviews\/ano, sendo um dos mais importantes sites de not\u00edcias e formador de opini\u00e3o \u2013 arrematando ainda cerca de 200 Mil seguidores nas redes sociais. Uma equipe de jornalistas, com vasta experi\u00eancia, trabalha para levar as not\u00edcias aos internautas, atrav\u00e9s de v\u00e1rias plataformas (Facebook, YouTube, Instagram e WhatsApp)<\/p>\n","protected":false},"excerpt":{"rendered":"<p>No meio digital o portal Agora\/RN recebe mais de 5,0 Milh\u00f5es de pageviews\/ano, sendo um dos mais importantes sites de not\u00edcias e formador de opini\u00e3o \u2013 arrematando ainda cerca de 200 Mil seguidores nas redes sociais. Uma equipe de jornalistas, com vasta experi\u00eancia, trabalha para levar as not\u00edcias aos internautas, atrav\u00e9s de v\u00e1rias plataformas (Facebook, [&hellip;]<\/p>\n","protected":false},"author":1,"featured_media":0,"parent":0,"menu_order":0,"comment_status":"closed","ping_status":"closed","template":"pages\/branco.php","meta":{"_acf_changed":false,"footnotes":""},"class_list":["post-819606","page","type-page","status-publish","hentry"],"acf":[],"_links":{"self":[{"href":"https:\/\/agorarn.com.br\/homolog\/wp-json\/wp\/v2\/pages\/819606","targetHints":{"allow":["GET"]}}],"collection":[{"href":"https:\/\/agorarn.com.br\/homolog\/wp-json\/wp\/v2\/pages"}],"about":[{"href":"https:\/\/agorarn.com.br\/homolog\/wp-json\/wp\/v2\/types\/page"}],"author":[{"embeddable":true,"href":"https:\/\/agorarn.com.br\/homolog\/wp-json\/wp\/v2\/users\/1"}],"replies":[{"embeddable":true,"href":"https:\/\/agorarn.com.br\/homolog\/wp-json\/wp\/v2\/comments?post=819606"}],"version-history":[{"count":1,"href":"https:\/\/agorarn.com.br\/homolog\/wp-json\/wp\/v2\/pages\/819606\/revisions"}],"predecessor-version":[{"id":819607,"href":"https:\/\/agorarn.com.br\/homolog\/wp-json\/wp\/v2\/pages\/819606\/revisions\/819607"}],"wp:attachment":[{"href":"https:\/\/agorarn.com.br\/homolog\/wp-json\/wp\/v2\/media?parent=819606"}],"curies":[{"name":"wp","href":"https:\/\/api.w.org\/{rel}","templated":true}]}}